    {"id":106,"date":"2024-03-12T10:29:16","date_gmt":"2024-03-12T10:29:16","guid":{"rendered":"https:\/\/trendingupnext.com\/?page_id=106"},"modified":"2025-11-24T18:38:31","modified_gmt":"2025-11-24T18:38:31","slug":"about","status":"publish","type":"page","link":"https:\/\/trendingupnext.com\/es\/about\/","title":{"rendered":"Sobre nosotros"},"content":{"rendered":"<p>Bienvenido a Trending Up Next, tu sitio ideal para descubrir las novedades, lo \u00fatil y lo impactante del cambiante mundo digital actual. Ya sea que est\u00e9s explorando los \u00faltimos avances tecnol\u00f3gicos, buscando herramientas pr\u00e1cticas que faciliten tu d\u00eda a d\u00eda o manteni\u00e9ndote al tanto de las oportunidades emergentes impulsadas por la innovaci\u00f3n, estamos aqu\u00ed para guiarte con claridad y prop\u00f3sito.<\/p>\n\n\n\n<h2 class=\"wp-block-heading\"><strong>\u00bfQu\u00e9 nos motiva?<\/strong><\/h2>\n\n\n\n<p>En Trending Up Next, creemos que el conocimiento empodera. Nuestra misi\u00f3n es ayudarte a navegar el panorama digital con confianza, desde comprender las tendencias modernas hasta encontrar soluciones que aporten valor real a tu d\u00eda a d\u00eda. Nos dedicamos a explorar la web para encontrar la informaci\u00f3n m\u00e1s relevante, los recursos inteligentes y las innovaciones que importan, y a presentarlos de forma sencilla, atractiva y accesible.<\/p>\n\n\n\n<h2 class=\"wp-block-heading\"><strong>Quienes somos<\/strong><\/h2>\n\n\n\n<p>Somos m\u00e1s que una plataforma: somos una comunidad de mentes curiosas apasionadas por el crecimiento, el descubrimiento y el aprendizaje pr\u00e1ctico. Nuestro equipo trabaja para conectarte con informaci\u00f3n y oportunidades que te inspiran a actuar, te ayudan a tomar decisiones informadas y te mantienen a la vanguardia en un mundo en constante evoluci\u00f3n.<\/p>\n\n\n\n<h2 class=\"wp-block-heading\"><strong>Complicarse<\/strong><\/h2>\n\n\n\n<p>Tus ideas importan. Si tienes sugerencias, temas que te gustar\u00eda que exploremos o tendencias que consideres relevantes, nos encantar\u00eda saber de ti. Cont\u00e1ctanos en cualquier momento y trabajemos juntos para descubrir historias, perspectivas y herramientas que forjen el futuro.<\/p>","protected":false},"excerpt":{"rendered":"<p>Welcome to Trending Up Next \u2014 your go-to destination for discovering what\u2019s new, useful, and impactful in today\u2019s fast-changing digital world. Whether you&#8217;re exploring the newest breakthroughs in technology, looking for practical tools that make everyday life easier, or staying alert to emerging opportunities driven by innovation, we\u2019re here to guide you with clarity and [&hellip;]<\/p>","protected":false},"author":50,"featured_media":0,"parent":0,"menu_order":0,"comment_status":"closed","ping_status":"closed","template":"","meta":{"footnotes":""},"yoast_head":"<!-- This site is optimized with the Yoast SEO Premium plugin v18.7 (Yoast SEO v23.3) - https:\/\/yoast.com\/wordpress\/plugins\/seo\/ -->\n<title>About us - trendingupnext<\/title>\n<meta name=\"robots\" content=\"index, follow, max-snippet:-1, max-image-preview:large, max-video-preview:-1\" \/>\n<link rel=\"canonical\" href=\"https:\/\/trendingupnext.com\/es\/about\/\" \/>\n<meta property=\"og:locale\" content=\"es_ES\" \/>\n<meta property=\"og:type\" content=\"article\" \/>\n<meta property=\"og:title\" content=\"About us\" \/>\n<meta property=\"og:description\" content=\"Welcome to Trending Up Next \u2014 your go-to destination for discovering what\u2019s new, useful, and impactful in today\u2019s fast-changing digital world. Whether you&#8217;re exploring the newest breakthroughs in technology, looking for practical tools that make everyday life easier, or staying alert to emerging opportunities driven by innovation, we\u2019re here to guide you with clarity and [&hellip;]\" \/>\n<meta property=\"og:url\" content=\"https:\/\/trendingupnext.com\/es\/about\/\" \/>\n<meta property=\"og:site_name\" content=\"trendingupnext\" \/>\n<meta property=\"article:modified_time\" content=\"2025-11-24T18:38:31+00:00\" \/>\n<meta name=\"twitter:card\" content=\"summary_large_image\" \/>\n<meta name=\"twitter:label1\" content=\"Est. reading time\" \/>\n\t<meta name=\"twitter:data1\" content=\"1 minuto\" \/>\n<script type=\"application\/ld+json\" class=\"yoast-schema-graph\">{\"@context\":\"https:\/\/schema.org\",\"@graph\":[{\"@type\":\"WebPage\",\"@id\":\"https:\/\/trendingupnext.com\/about\/\",\"url\":\"https:\/\/trendingupnext.com\/about\/\",\"name\":\"About us - trendingupnext\",\"isPartOf\":{\"@id\":\"https:\/\/trendingupnext.com\/#website\"},\"datePublished\":\"2024-03-12T10:29:16+00:00\",\"dateModified\":\"2025-11-24T18:38:31+00:00\",\"breadcrumb\":{\"@id\":\"https:\/\/trendingupnext.com\/about\/#breadcrumb\"},\"inLanguage\":\"es\",\"potentialAction\":[{\"@type\":\"ReadAction\",\"target\":[\"https:\/\/trendingupnext.com\/about\/\"]}]},{\"@type\":\"BreadcrumbList\",\"@id\":\"https:\/\/trendingupnext.com\/about\/#breadcrumb\",\"itemListElement\":[{\"@type\":\"ListItem\",\"position\":1,\"name\":\"Home\",\"item\":\"https:\/\/trendingupnext.com\/\"},{\"@type\":\"ListItem\",\"position\":2,\"name\":\"About us\"}]},{\"@type\":\"WebSite\",\"@id\":\"https:\/\/trendingupnext.com\/#website\",\"url\":\"https:\/\/trendingupnext.com\/\",\"name\":\"trendingupnext\",\"description\":\"\",\"publisher\":{\"@id\":\"https:\/\/trendingupnext.com\/#organization\"},\"potentialAction\":[{\"@type\":\"SearchAction\",\"target\":{\"@type\":\"EntryPoint\",\"urlTemplate\":\"https:\/\/trendingupnext.com\/?s={search_term_string}\"},\"query-input\":\"required name=search_term_string\"}],\"inLanguage\":\"es\"},{\"@type\":\"Organization\",\"@id\":\"https:\/\/trendingupnext.com\/#organization\",\"name\":\"trendingupnext\",\"url\":\"https:\/\/trendingupnext.com\/\",\"logo\":{\"@type\":\"ImageObject\",\"inLanguage\":\"es\",\"@id\":\"https:\/\/trendingupnext.com\/#\/schema\/logo\/image\/\",\"url\":\"https:\/\/trendingupnext.com\/wp-content\/uploads\/sites\/93\/2024\/02\/cropped-cropped-logo-trendingupnext.webp\",\"contentUrl\":\"https:\/\/trendingupnext.com\/wp-content\/uploads\/sites\/93\/2024\/02\/cropped-cropped-logo-trendingupnext.webp\",\"width\":512,\"height\":512,\"caption\":\"trendingupnext\"},\"image\":{\"@id\":\"https:\/\/trendingupnext.com\/#\/schema\/logo\/image\/\"}}]}<\/script>\n<!-- \/ Yoast SEO Premium plugin. -->","yoast_head_json":{"title":"About us - trendingupnext","robots":{"index":"index","follow":"follow","max-snippet":"max-snippet:-1","max-image-preview":"max-image-preview:large","max-video-preview":"max-video-preview:-1"},"canonical":"https:\/\/trendingupnext.com\/es\/about\/","og_locale":"es_ES","og_type":"article","og_title":"About us","og_description":"Welcome to Trending Up Next \u2014 your go-to destination for discovering what\u2019s new, useful, and impactful in today\u2019s fast-changing digital world. Whether you&#8217;re exploring the newest breakthroughs in technology, looking for practical tools that make everyday life easier, or staying alert to emerging opportunities driven by innovation, we\u2019re here to guide you with clarity and [&hellip;]","og_url":"https:\/\/trendingupnext.com\/es\/about\/","og_site_name":"trendingupnext","article_modified_time":"2025-11-24T18:38:31+00:00","twitter_card":"summary_large_image","twitter_misc":{"Est. reading time":"1 minuto"},"schema":{"@context":"https:\/\/schema.org","@graph":[{"@type":"WebPage","@id":"https:\/\/trendingupnext.com\/about\/","url":"https:\/\/trendingupnext.com\/about\/","name":"About us - trendingupnext","isPartOf":{"@id":"https:\/\/trendingupnext.com\/#website"},"datePublished":"2024-03-12T10:29:16+00:00","dateModified":"2025-11-24T18:38:31+00:00","breadcrumb":{"@id":"https:\/\/trendingupnext.com\/about\/#breadcrumb"},"inLanguage":"es","potentialAction":[{"@type":"ReadAction","target":["https:\/\/trendingupnext.com\/about\/"]}]},{"@type":"BreadcrumbList","@id":"https:\/\/trendingupnext.com\/about\/#breadcrumb","itemListElement":[{"@type":"ListItem","position":1,"name":"Home","item":"https:\/\/trendingupnext.com\/"},{"@type":"ListItem","position":2,"name":"About us"}]},{"@type":"WebSite","@id":"https:\/\/trendingupnext.com\/#website","url":"https:\/\/trendingupnext.com\/","name":"trendingupnext","description":"","publisher":{"@id":"https:\/\/trendingupnext.com\/#organization"},"potentialAction":[{"@type":"SearchAction","target":{"@type":"EntryPoint","urlTemplate":"https:\/\/trendingupnext.com\/?s={search_term_string}"},"query-input":"required name=search_term_string"}],"inLanguage":"es"},{"@type":"Organization","@id":"https:\/\/trendingupnext.com\/#organization","name":"trendingupnext","url":"https:\/\/trendingupnext.com\/","logo":{"@type":"ImageObject","inLanguage":"es","@id":"https:\/\/trendingupnext.com\/#\/schema\/logo\/image\/","url":"https:\/\/trendingupnext.com\/wp-content\/uploads\/sites\/93\/2024\/02\/cropped-cropped-logo-trendingupnext.webp","contentUrl":"https:\/\/trendingupnext.com\/wp-content\/uploads\/sites\/93\/2024\/02\/cropped-cropped-logo-trendingupnext.webp","width":512,"height":512,"caption":"trendingupnext"},"image":{"@id":"https:\/\/trendingupnext.com\/#\/schema\/logo\/image\/"}}]}},"_links":{"self":[{"href":"https:\/\/trendingupnext.com\/es\/wp-json\/wp\/v2\/pages\/106"}],"collection":[{"href":"https:\/\/trendingupnext.com\/es\/wp-json\/wp\/v2\/pages"}],"about":[{"href":"https:\/\/trendingupnext.com\/es\/wp-json\/wp\/v2\/types\/page"}],"author":[{"embeddable":true,"href":"https:\/\/trendingupnext.com\/es\/wp-json\/wp\/v2\/users\/50"}],"replies":[{"embeddable":true,"href":"https:\/\/trendingupnext.com\/es\/wp-json\/wp\/v2\/comments?post=106"}],"version-history":[{"count":2,"href":"https:\/\/trendingupnext.com\/es\/wp-json\/wp\/v2\/pages\/106\/revisions"}],"predecessor-version":[{"id":2527,"href":"https:\/\/trendingupnext.com\/es\/wp-json\/wp\/v2\/pages\/106\/revisions\/2527"}],"wp:attachment":[{"href":"https:\/\/trendingupnext.com\/es\/wp-json\/wp\/v2\/media?parent=106"}],"curies":[{"name":"wp","href":"https:\/\/api.w.org\/{rel}","templated":true}]}}