    {"id":113,"date":"2024-03-12T10:29:18","date_gmt":"2024-03-12T10:29:18","guid":{"rendered":"https:\/\/trendingupnext.com\/?page_id=113"},"modified":"2025-11-24T18:37:47","modified_gmt":"2025-11-24T18:37:47","slug":"contact","status":"publish","type":"page","link":"https:\/\/trendingupnext.com\/es\/contact\/","title":{"rendered":"Contacto"},"content":{"rendered":"<p>Gracias por visitarnos <strong>Tendencias actuales<\/strong>, su plataforma confiable para conocimientos tecnol\u00f3gicos, comunicaci\u00f3n digital e innovaci\u00f3n basada en contenido.<br>Realmente valoramos sus mensajes y estamos aqu\u00ed para apoyarlo, conectarnos y colaborar con usted.<\/p>\n\n\n\n<h2 class=\"wp-block-heading\">Consultas generales<\/h2>\n\n\n\n<p>\u00bfTienes alguna pregunta sobre? <strong>Tendencias actuales<\/strong> \u00bfO simplemente quieres contactarnos?<br> Env\u00edenos un correo electr\u00f3nico a <strong>contacto@trendingupnext.com<\/strong><br>Nos encanta saber de nuestra comunidad y nos comunicaremos con usted lo antes posible.<\/p>\n\n\n\n<h2 class=\"wp-block-heading\">Sugerencias y contribuciones de contenido<\/h2>\n\n\n\n<p>\u00bfTienes una idea para un nuevo art\u00edculo? \u00bfQuieres compartir tu experiencia o sugerir un tema que deber\u00edamos abordar?<br> Contactar a <strong>contacto@trendingupnext.com<\/strong><br>Siempre estamos buscando nuevas perspectivas y voces en el mundo de la tecnolog\u00eda, la comunicaci\u00f3n y la publicaci\u00f3n digital.<\/p>\n\n\n\n<h2 class=\"wp-block-heading\">Apoyo t\u00e9cnico<\/h2>\n\n\n\n<p>Si tiene alg\u00fan problema con nuestra plataforma o necesita ayuda para acceder al contenido publicado, no dude en contactarnos.<br>Correo electr\u00f3nico: <strong>contacto@trendingupnext.com<\/strong><br>Estamos aqu\u00ed para garantizar su experiencia con <strong>Tendencias actuales<\/strong> Es lo m\u00e1s suave posible.<\/p>\n\n\n\n<h2 class=\"wp-block-heading\">Mantente conectado<\/h2>\n\n\n\n<p><strong>Tendencias actuales<\/strong> Es una plataforma digital dise\u00f1ada para profesionales y lectores de todo el mundo.<br>Si bien no operamos desde una oficina f\u00edsica, siempre estamos en l\u00ednea, listos para escucharlo, apoyarlo y crecer con usted.<\/p>\n\n\n\n<p>Gracias nuevamente por ser parte de la <strong>Tendencias actuales<\/strong> comunidad.<br>\u00a1Esperamos saber de usted!<\/p>\n\n\n\n<p>Un cordial saludo,<br><strong>El equipo de TrendingUpNext<\/strong><\/p>","protected":false},"excerpt":{"rendered":"<p>Thank you for visiting TrendingUpNext, your trusted platform for tech insights, digital communication, and content-driven innovation.We truly value your messages and are here to support, connect, and collaborate with you. General Inquiries Have a question about TrendingUpNext or just want to reach out? Email us at contact@trendingupnext.comWe love hearing from our community and will get [&hellip;]<\/p>","protected":false},"author":50,"featured_media":0,"parent":0,"menu_order":0,"comment_status":"closed","ping_status":"closed","template":"","meta":{"footnotes":""},"yoast_head":"<!-- This site is optimized with the Yoast SEO Premium plugin v18.7 (Yoast SEO v23.3) - https:\/\/yoast.com\/wordpress\/plugins\/seo\/ -->\n<title>Contact - trendingupnext<\/title>\n<meta name=\"robots\" content=\"index, follow, max-snippet:-1, max-image-preview:large, max-video-preview:-1\" \/>\n<link rel=\"canonical\" href=\"https:\/\/trendingupnext.com\/es\/contact\/\" \/>\n<meta property=\"og:locale\" content=\"es_ES\" \/>\n<meta property=\"og:type\" content=\"article\" \/>\n<meta property=\"og:title\" content=\"Contact\" \/>\n<meta property=\"og:description\" content=\"Thank you for visiting TrendingUpNext, your trusted platform for tech insights, digital communication, and content-driven innovation.We truly value your messages and are here to support, connect, and collaborate with you. General Inquiries Have a question about TrendingUpNext or just want to reach out? Email us at contact@trendingupnext.comWe love hearing from our community and will get [&hellip;]\" \/>\n<meta property=\"og:url\" content=\"https:\/\/trendingupnext.com\/es\/contact\/\" \/>\n<meta property=\"og:site_name\" content=\"trendingupnext\" \/>\n<meta property=\"article:modified_time\" content=\"2025-11-24T18:37:47+00:00\" \/>\n<meta name=\"twitter:card\" content=\"summary_large_image\" \/>\n<meta name=\"twitter:label1\" content=\"Est. reading time\" \/>\n\t<meta name=\"twitter:data1\" content=\"1 minuto\" \/>\n<script type=\"application\/ld+json\" class=\"yoast-schema-graph\">{\"@context\":\"https:\/\/schema.org\",\"@graph\":[{\"@type\":\"WebPage\",\"@id\":\"https:\/\/trendingupnext.com\/contact\/\",\"url\":\"https:\/\/trendingupnext.com\/contact\/\",\"name\":\"Contact - trendingupnext\",\"isPartOf\":{\"@id\":\"https:\/\/trendingupnext.com\/#website\"},\"datePublished\":\"2024-03-12T10:29:18+00:00\",\"dateModified\":\"2025-11-24T18:37:47+00:00\",\"breadcrumb\":{\"@id\":\"https:\/\/trendingupnext.com\/contact\/#breadcrumb\"},\"inLanguage\":\"es\",\"potentialAction\":[{\"@type\":\"ReadAction\",\"target\":[\"https:\/\/trendingupnext.com\/contact\/\"]}]},{\"@type\":\"BreadcrumbList\",\"@id\":\"https:\/\/trendingupnext.com\/contact\/#breadcrumb\",\"itemListElement\":[{\"@type\":\"ListItem\",\"position\":1,\"name\":\"Home\",\"item\":\"https:\/\/trendingupnext.com\/\"},{\"@type\":\"ListItem\",\"position\":2,\"name\":\"Contact\"}]},{\"@type\":\"WebSite\",\"@id\":\"https:\/\/trendingupnext.com\/#website\",\"url\":\"https:\/\/trendingupnext.com\/\",\"name\":\"trendingupnext\",\"description\":\"\",\"publisher\":{\"@id\":\"https:\/\/trendingupnext.com\/#organization\"},\"potentialAction\":[{\"@type\":\"SearchAction\",\"target\":{\"@type\":\"EntryPoint\",\"urlTemplate\":\"https:\/\/trendingupnext.com\/?s={search_term_string}\"},\"query-input\":\"required name=search_term_string\"}],\"inLanguage\":\"es\"},{\"@type\":\"Organization\",\"@id\":\"https:\/\/trendingupnext.com\/#organization\",\"name\":\"trendingupnext\",\"url\":\"https:\/\/trendingupnext.com\/\",\"logo\":{\"@type\":\"ImageObject\",\"inLanguage\":\"es\",\"@id\":\"https:\/\/trendingupnext.com\/#\/schema\/logo\/image\/\",\"url\":\"https:\/\/trendingupnext.com\/wp-content\/uploads\/sites\/93\/2024\/02\/cropped-cropped-logo-trendingupnext.webp\",\"contentUrl\":\"https:\/\/trendingupnext.com\/wp-content\/uploads\/sites\/93\/2024\/02\/cropped-cropped-logo-trendingupnext.webp\",\"width\":512,\"height\":512,\"caption\":\"trendingupnext\"},\"image\":{\"@id\":\"https:\/\/trendingupnext.com\/#\/schema\/logo\/image\/\"}}]}<\/script>\n<!-- \/ Yoast SEO Premium plugin. -->","yoast_head_json":{"title":"Contact - trendingupnext","robots":{"index":"index","follow":"follow","max-snippet":"max-snippet:-1","max-image-preview":"max-image-preview:large","max-video-preview":"max-video-preview:-1"},"canonical":"https:\/\/trendingupnext.com\/es\/contact\/","og_locale":"es_ES","og_type":"article","og_title":"Contact","og_description":"Thank you for visiting TrendingUpNext, your trusted platform for tech insights, digital communication, and content-driven innovation.We truly value your messages and are here to support, connect, and collaborate with you. General Inquiries Have a question about TrendingUpNext or just want to reach out? Email us at contact@trendingupnext.comWe love hearing from our community and will get [&hellip;]","og_url":"https:\/\/trendingupnext.com\/es\/contact\/","og_site_name":"trendingupnext","article_modified_time":"2025-11-24T18:37:47+00:00","twitter_card":"summary_large_image","twitter_misc":{"Est. reading time":"1 minuto"},"schema":{"@context":"https:\/\/schema.org","@graph":[{"@type":"WebPage","@id":"https:\/\/trendingupnext.com\/contact\/","url":"https:\/\/trendingupnext.com\/contact\/","name":"Contact - trendingupnext","isPartOf":{"@id":"https:\/\/trendingupnext.com\/#website"},"datePublished":"2024-03-12T10:29:18+00:00","dateModified":"2025-11-24T18:37:47+00:00","breadcrumb":{"@id":"https:\/\/trendingupnext.com\/contact\/#breadcrumb"},"inLanguage":"es","potentialAction":[{"@type":"ReadAction","target":["https:\/\/trendingupnext.com\/contact\/"]}]},{"@type":"BreadcrumbList","@id":"https:\/\/trendingupnext.com\/contact\/#breadcrumb","itemListElement":[{"@type":"ListItem","position":1,"name":"Home","item":"https:\/\/trendingupnext.com\/"},{"@type":"ListItem","position":2,"name":"Contact"}]},{"@type":"WebSite","@id":"https:\/\/trendingupnext.com\/#website","url":"https:\/\/trendingupnext.com\/","name":"trendingupnext","description":"","publisher":{"@id":"https:\/\/trendingupnext.com\/#organization"},"potentialAction":[{"@type":"SearchAction","target":{"@type":"EntryPoint","urlTemplate":"https:\/\/trendingupnext.com\/?s={search_term_string}"},"query-input":"required name=search_term_string"}],"inLanguage":"es"},{"@type":"Organization","@id":"https:\/\/trendingupnext.com\/#organization","name":"trendingupnext","url":"https:\/\/trendingupnext.com\/","logo":{"@type":"ImageObject","inLanguage":"es","@id":"https:\/\/trendingupnext.com\/#\/schema\/logo\/image\/","url":"https:\/\/trendingupnext.com\/wp-content\/uploads\/sites\/93\/2024\/02\/cropped-cropped-logo-trendingupnext.webp","contentUrl":"https:\/\/trendingupnext.com\/wp-content\/uploads\/sites\/93\/2024\/02\/cropped-cropped-logo-trendingupnext.webp","width":512,"height":512,"caption":"trendingupnext"},"image":{"@id":"https:\/\/trendingupnext.com\/#\/schema\/logo\/image\/"}}]}},"_links":{"self":[{"href":"https:\/\/trendingupnext.com\/es\/wp-json\/wp\/v2\/pages\/113"}],"collection":[{"href":"https:\/\/trendingupnext.com\/es\/wp-json\/wp\/v2\/pages"}],"about":[{"href":"https:\/\/trendingupnext.com\/es\/wp-json\/wp\/v2\/types\/page"}],"author":[{"embeddable":true,"href":"https:\/\/trendingupnext.com\/es\/wp-json\/wp\/v2\/users\/50"}],"replies":[{"embeddable":true,"href":"https:\/\/trendingupnext.com\/es\/wp-json\/wp\/v2\/comments?post=113"}],"version-history":[{"count":5,"href":"https:\/\/trendingupnext.com\/es\/wp-json\/wp\/v2\/pages\/113\/revisions"}],"predecessor-version":[{"id":2526,"href":"https:\/\/trendingupnext.com\/es\/wp-json\/wp\/v2\/pages\/113\/revisions\/2526"}],"wp:attachment":[{"href":"https:\/\/trendingupnext.com\/es\/wp-json\/wp\/v2\/media?parent=113"}],"curies":[{"name":"wp","href":"https:\/\/api.w.org\/{rel}","templated":true}]}}