    {"id":108,"date":"2024-03-12T10:29:19","date_gmt":"2024-03-12T10:29:19","guid":{"rendered":"https:\/\/trendingupnext.com\/?page_id=108"},"modified":"2025-11-24T18:50:50","modified_gmt":"2025-11-24T18:50:50","slug":"privacy","status":"publish","type":"page","link":"https:\/\/trendingupnext.com\/fr\/privacy\/","title":{"rendered":"politique de confidentialit\u00e9"},"content":{"rendered":"<p>Votre vie priv\u00e9e est importante pour nous.&nbsp;<strong>trendingupnext<\/strong>&nbsp;Notre politique est de respecter votre vie priv\u00e9e concernant toute information que nous pourrions recueillir aupr\u00e8s de vous sur notre site web, trendingupnext, et sur les autres sites que nous poss\u00e9dons et exploitons.<\/p>\n\n\n\n<p>Nous ne demandons de renseignements personnels que lorsque cela est strictement n\u00e9cessaire pour vous fournir un service. Nous les recueillons de mani\u00e8re loyale et licite, avec votre consentement \u00e9clair\u00e9. Nous vous informons \u00e9galement des raisons de cette collecte et de l&#039;utilisation qui en sera faite.<\/p>\n\n\n\n<p>Nous ne conservons les informations collect\u00e9es que le temps n\u00e9cessaire pour vous fournir le service demand\u00e9. Les donn\u00e9es que nous stockons sont prot\u00e9g\u00e9es par des moyens commercialement acceptables afin d&#039;emp\u00eacher toute perte, vol, acc\u00e8s non autoris\u00e9, divulgation, copie, utilisation ou modification.<\/p>\n\n\n\n<p>Nous ne partageons aucune information permettant d&#039;identifier une personne, ni publiquement ni avec des tiers, sauf si la loi l&#039;exige.<\/p>\n\n\n\n<p>Notre site web peut contenir des liens vers des sites externes qui ne sont pas exploit\u00e9s par nous. Veuillez noter que nous n&#039;avons aucun contr\u00f4le sur le contenu et les pratiques de ces sites et que nous d\u00e9clinons toute responsabilit\u00e9 quant \u00e0 leurs politiques de confidentialit\u00e9 respectives.<\/p>\n\n\n\n<p>Vous \u00eates libre de refuser notre demande de renseignements personnels, \u00e9tant entendu que nous pourrions alors ne pas \u00eatre en mesure de vous fournir certains des services souhait\u00e9s.<\/p>\n\n\n\n<p>En continuant \u00e0 utiliser notre site web, vous acceptez nos pratiques en mati\u00e8re de confidentialit\u00e9 et de traitement des donn\u00e9es personnelles. Pour toute question concernant la gestion de vos donn\u00e9es personnelles, n&#039;h\u00e9sitez pas \u00e0 nous contacter.<\/p>\n\n\n\n<h2 class=\"wp-block-heading\"><strong>Politique relative aux cookies<\/strong>&nbsp;pour&nbsp;<strong>tendance \u00e0 venir<\/strong><\/h2>\n\n\n\n<p>Voici la politique relative aux cookies pour&nbsp;<strong>tendance \u00e0 venir<\/strong>, accessible depuis l&#039;URL<\/p>\n\n\n\n<h3 class=\"wp-block-heading\">Que sont les cookies ?<\/h3>\n\n\n\n<p>Comme c&#039;est le cas pour la plupart des sites web professionnels, ce site utilise des cookies, de petits fichiers t\u00e9l\u00e9charg\u00e9s sur votre ordinateur, afin d&#039;am\u00e9liorer votre exp\u00e9rience. Cette page d\u00e9crit les informations qu&#039;ils recueillent, comment nous les utilisons et pourquoi nous devons parfois les stocker. Nous vous expliquons \u00e9galement comment emp\u00eacher leur enregistrement\u00a0; toutefois, cela peut d\u00e9grader ou perturber certaines fonctionnalit\u00e9s du site.<\/p>\n\n\n\n<h3 class=\"wp-block-heading\">Comment nous utilisons les cookies<\/h3>\n\n\n\n<p>Nous utilisons des cookies pour diverses raisons d\u00e9taill\u00e9es ci-dessous. Malheureusement, dans la plupart des cas, il n&#039;existe pas d&#039;option standard pour d\u00e9sactiver les cookies sans d\u00e9sactiver compl\u00e8tement les fonctionnalit\u00e9s qu&#039;ils apportent \u00e0 ce site. Il est donc recommand\u00e9 de laisser tous les cookies activ\u00e9s si vous n&#039;\u00eates pas certain de leur utilit\u00e9, car ils peuvent \u00eatre n\u00e9cessaires au fonctionnement de certains services que vous utilisez.<\/p>\n\n\n\n<h3 class=\"wp-block-heading\">D\u00e9sactivation des cookies<\/h3>\n\n\n\n<p>Vous pouvez emp\u00eacher l&#039;installation de cookies en modifiant les param\u00e8tres de votre navigateur (consultez l&#039;aide de votre navigateur pour savoir comment proc\u00e9der). Sachez que la d\u00e9sactivation des cookies affectera le fonctionnement de ce site web et de nombreux autres sites que vous visitez. La d\u00e9sactivation des cookies entra\u00eenera g\u00e9n\u00e9ralement la d\u00e9sactivation de certaines fonctionnalit\u00e9s de ce site. Il est donc recommand\u00e9 de ne pas d\u00e9sactiver les cookies.<\/p>\n\n\n\n<h3 class=\"wp-block-heading\">Les cookies que nous installons<\/h3>\n\n\n\n<ul>\n<li>cookies li\u00e9s au compte<br>Si vous cr\u00e9ez un compte chez nous, nous utiliserons des cookies pour g\u00e9rer le processus d&#039;inscription et l&#039;administration g\u00e9n\u00e9rale. Ces cookies sont g\u00e9n\u00e9ralement supprim\u00e9s lorsque vous vous d\u00e9connectez, mais dans certains cas, ils peuvent \u00eatre conserv\u00e9s afin de m\u00e9moriser vos pr\u00e9f\u00e9rences de site apr\u00e8s votre d\u00e9connexion.<\/li>\n\n\n\n<li>Cookies li\u00e9s \u00e0 la connexion<br>Nous utilisons des cookies lorsque vous \u00eates connect\u00e9 afin de m\u00e9moriser votre connexion. Cela vous \u00e9vite de devoir vous reconnecter \u00e0 chaque nouvelle page. Ces cookies sont g\u00e9n\u00e9ralement supprim\u00e9s lorsque vous vous d\u00e9connectez, garantissant ainsi que vous ne pouvez acc\u00e9der aux fonctionnalit\u00e9s et zones restreintes que lorsque vous \u00eates connect\u00e9.<\/li>\n\n\n\n<li>Cookies li\u00e9s aux newsletters par e-mail<br><br>Ce site propose des services d&#039;abonnement \u00e0 une newsletter ou \u00e0 des e-mails, et des cookies peuvent \u00eatre utilis\u00e9s pour m\u00e9moriser si vous \u00eates d\u00e9j\u00e0 inscrit et pour afficher certaines notifications qui ne sont valables que pour les utilisateurs abonn\u00e9s\/d\u00e9sabonn\u00e9s.<\/li>\n\n\n\n<li>Cookies li\u00e9s au traitement des commandes<br>Ce site propose des services de commerce \u00e9lectronique ou de paiement, et certains cookies sont essentiels pour garantir que votre commande soit m\u00e9moris\u00e9e d&#039;une page \u00e0 l&#039;autre afin que nous puissions la traiter correctement.<\/li>\n\n\n\n<li>Cookies li\u00e9s aux enqu\u00eates<br>Nous proposons r\u00e9guli\u00e8rement des enqu\u00eates et des questionnaires afin de vous fournir des informations int\u00e9ressantes, des outils utiles et de mieux comprendre nos utilisateurs. Ces enqu\u00eates peuvent utiliser des cookies pour m\u00e9moriser les participants ou vous garantir des r\u00e9sultats pr\u00e9cis m\u00eame apr\u00e8s un changement de page.<\/li>\n\n\n\n<li>cookies li\u00e9s aux formulaires<br>Lorsque vous soumettez des donn\u00e9es via un formulaire tel que ceux que l&#039;on trouve sur les pages de contact ou les formulaires de commentaires, des cookies peuvent \u00eatre install\u00e9s pour m\u00e9moriser vos informations d&#039;utilisateur en vue de futures correspondances.<\/li>\n\n\n\n<li>Cookies de pr\u00e9f\u00e9rences du site<br>Afin de vous offrir une exp\u00e9rience optimale sur ce site, nous vous proposons de personnaliser son fonctionnement selon vos pr\u00e9f\u00e9rences. Pour m\u00e9moriser ces pr\u00e9f\u00e9rences, nous utilisons des cookies qui nous permettent de les appliquer \u00e0 chaque page que vous consultez.<\/li>\n<\/ul>\n\n\n\n<h3 class=\"wp-block-heading\">Cookies tiers<\/h3>\n\n\n\n<p>Dans certains cas particuliers, nous utilisons \u00e9galement des cookies fournis par des tiers de confiance. La section suivante d\u00e9taille les cookies tiers que vous pourriez rencontrer sur ce site.<\/p>\n\n\n\n<ul>\n<li>Ce site utilise Google Analytics, l&#039;une des solutions d&#039;analyse les plus r\u00e9pandues et les plus fiables du web, afin de mieux comprendre votre utilisation du site et d&#039;am\u00e9liorer votre exp\u00e9rience. Ces cookies peuvent suivre des informations telles que la dur\u00e9e de votre visite et les pages consult\u00e9es, ce qui nous permet de continuer \u00e0 proposer un contenu pertinent. Pour plus d&#039;informations sur les cookies de Google Analytics, veuillez consulter la page officielle de Google Analytics.<\/li>\n\n\n\n<li>Des outils d&#039;analyse tiers sont utilis\u00e9s pour suivre et mesurer l&#039;utilisation de ce site afin de nous permettre de continuer \u00e0 proposer un contenu pertinent. Ces cookies peuvent enregistrer des informations telles que la dur\u00e9e de votre visite ou les pages consult\u00e9es, ce qui nous aide \u00e0 am\u00e9liorer le site pour vous.<\/li>\n\n\n\n<li>Nous testons r\u00e9guli\u00e8rement de nouvelles fonctionnalit\u00e9s et apportons des modifications mineures \u00e0 l&#039;affichage du site. Lors de ces tests, ces cookies peuvent \u00eatre utilis\u00e9s pour vous garantir une exp\u00e9rience utilisateur coh\u00e9rente et nous permettre d&#039;identifier les optimisations les plus appr\u00e9ci\u00e9es.<\/li>\n\n\n\n<li>Comme nous vendons des produits, il est important pour nous de comprendre les statistiques relatives au nombre de visiteurs de notre site qui effectuent un achat. C&#039;est pr\u00e9cis\u00e9ment le type de donn\u00e9es que ces cookies permettent de suivre. Cela est important pour vous car cela nous permet d&#039;\u00e9tablir des pr\u00e9visions commerciales pr\u00e9cises, de contr\u00f4ler nos co\u00fbts publicitaires et de production, et ainsi de vous proposer le meilleur prix possible.<\/li>\n\n\n\n<li>Nous utilisons \u00e9galement sur ce site des boutons et\/ou des plugins de r\u00e9seaux sociaux qui vous permettent de vous connecter \u00e0 vos r\u00e9seaux sociaux de diff\u00e9rentes mani\u00e8res. Pour que ces fonctionnalit\u00e9s soient op\u00e9rationnelles, les r\u00e9seaux sociaux suivants peuvent utiliser vos donn\u00e9es pour enrichir votre profil sur leur plateforme ou contribuer aux donn\u00e9es qu&#039;ils d\u00e9tiennent \u00e0 diverses fins, d\u00e9crites dans leurs politiques de confidentialit\u00e9 respectives.<\/li>\n<\/ul>\n\n\n\n<h3 class=\"wp-block-heading\">Publicit\u00e9 (Google AdSense) et vos choix<\/h3>\n\n\n\n<p>Ce site utilise Google AdSense pour afficher des publicit\u00e9s. Google et ses partenaires peuvent utiliser des cookies ou d&#039;autres technologies pour diffuser, mesurer et personnaliser les publicit\u00e9s en fonction de vos visites sur ce site et d&#039;autres sites web.<\/p>\n\n\n\n<p>Pour savoir comment Google utilise les donn\u00e9es des sites et applications qui utilisent ses services, consultez\u00a0:<br><a href=\"https:\/\/policies.google.com\/technologies\/partner-sites\">https:\/\/policies.google.com\/technologies\/partner-sites<\/a><\/p>\n\n\n\n<p><strong>D\u00e9sactiver les publicit\u00e9s personnalis\u00e9es\u00a0:<\/strong><br>Vous pouvez d\u00e9sactiver la publicit\u00e9 personnalis\u00e9e de Google en visitant votre&nbsp;<strong><a href=\"https:\/\/adssettings.google.com\/\">Param\u00e8tres des annonces (Mon centre publicitaire)<\/a><\/strong>.<br>Vous pouvez \u00e9galement d\u00e9sactiver la publicit\u00e9 cibl\u00e9e par centres d&#039;int\u00e9r\u00eat de nombreux autres fournisseurs de publicit\u00e9 en visitant&nbsp;<strong><a href=\"https:\/\/www.aboutads.info\/choices\/\">AboutAds.info\/choix<\/a><\/strong>.<\/p>\n\n\n\n<p>Remarque : M\u00eame si vous choisissez de vous d\u00e9sinscrire, vous verrez toujours des publicit\u00e9s, mais elles seront peut-\u00eatre moins pertinentes par rapport \u00e0 vos centres d&#039;int\u00e9r\u00eat.<\/p>\n\n\n\n<h2 class=\"wp-block-heading\">Plus d&#039;informations<\/h2>\n\n\n\n<p>Nous esp\u00e9rons que cela a clarifi\u00e9 les choses pour vous et, comme mentionn\u00e9 pr\u00e9c\u00e9demment, en cas de doute sur la n\u00e9cessit\u00e9 d&#039;un cookie, il est g\u00e9n\u00e9ralement plus s\u00fbr de les laisser activ\u00e9s, car ils peuvent interagir avec certaines fonctionnalit\u00e9s que vous utilisez sur notre site.<\/p>\n\n\n\n<p>Cette politique entre en vigueur \u00e0 compter du&nbsp;<strong>Octobre<\/strong>&nbsp;<strong>2025<\/strong>.<\/p>\n\n\n\n<h2 class=\"wp-block-heading\"><\/h2>","protected":false},"excerpt":{"rendered":"<p>Your privacy is important to us. It is&nbsp;trendingupnext&#8217;s&nbsp;policy to respect your privacy regarding any information we may collect from you across our website,&nbsp;trendingupnext, and other sites we own and operate. We only ask for personal information when we truly need it to provide a service to you. We collect it by fair and lawful means, [&hellip;]<\/p>","protected":false},"author":50,"featured_media":0,"parent":0,"menu_order":0,"comment_status":"closed","ping_status":"closed","template":"","meta":{"footnotes":""},"yoast_head":"<!-- This site is optimized with the Yoast SEO Premium plugin v18.7 (Yoast SEO v23.3) - https:\/\/yoast.com\/wordpress\/plugins\/seo\/ -->\n<title>Privacy Policy - trendingupnext<\/title>\n<meta name=\"robots\" content=\"index, follow, max-snippet:-1, max-image-preview:large, max-video-preview:-1\" \/>\n<link rel=\"canonical\" href=\"https:\/\/trendingupnext.com\/fr\/privacy\/\" \/>\n<meta property=\"og:locale\" content=\"fr_FR\" \/>\n<meta property=\"og:type\" content=\"article\" \/>\n<meta property=\"og:title\" content=\"Privacy Policy\" \/>\n<meta property=\"og:description\" content=\"Your privacy is important to us. It is&nbsp;trendingupnext&#8217;s&nbsp;policy to respect your privacy regarding any information we may collect from you across our website,&nbsp;trendingupnext, and other sites we own and operate. We only ask for personal information when we truly need it to provide a service to you. We collect it by fair and lawful means, [&hellip;]\" \/>\n<meta property=\"og:url\" content=\"https:\/\/trendingupnext.com\/fr\/privacy\/\" \/>\n<meta property=\"og:site_name\" content=\"trendingupnext\" \/>\n<meta property=\"article:modified_time\" content=\"2025-11-24T18:50:50+00:00\" \/>\n<meta name=\"twitter:card\" content=\"summary_large_image\" \/>\n<meta name=\"twitter:label1\" content=\"Est. reading time\" \/>\n\t<meta name=\"twitter:data1\" content=\"6 minutes\" \/>\n<script type=\"application\/ld+json\" class=\"yoast-schema-graph\">{\"@context\":\"https:\/\/schema.org\",\"@graph\":[{\"@type\":\"WebPage\",\"@id\":\"https:\/\/trendingupnext.com\/privacy\/\",\"url\":\"https:\/\/trendingupnext.com\/privacy\/\",\"name\":\"Privacy Policy - trendingupnext\",\"isPartOf\":{\"@id\":\"https:\/\/trendingupnext.com\/#website\"},\"datePublished\":\"2024-03-12T10:29:19+00:00\",\"dateModified\":\"2025-11-24T18:50:50+00:00\",\"breadcrumb\":{\"@id\":\"https:\/\/trendingupnext.com\/privacy\/#breadcrumb\"},\"inLanguage\":\"fr-FR\",\"potentialAction\":[{\"@type\":\"ReadAction\",\"target\":[\"https:\/\/trendingupnext.com\/privacy\/\"]}]},{\"@type\":\"BreadcrumbList\",\"@id\":\"https:\/\/trendingupnext.com\/privacy\/#breadcrumb\",\"itemListElement\":[{\"@type\":\"ListItem\",\"position\":1,\"name\":\"Home\",\"item\":\"https:\/\/trendingupnext.com\/\"},{\"@type\":\"ListItem\",\"position\":2,\"name\":\"Privacy Policy\"}]},{\"@type\":\"WebSite\",\"@id\":\"https:\/\/trendingupnext.com\/#website\",\"url\":\"https:\/\/trendingupnext.com\/\",\"name\":\"trendingupnext\",\"description\":\"\",\"publisher\":{\"@id\":\"https:\/\/trendingupnext.com\/#organization\"},\"potentialAction\":[{\"@type\":\"SearchAction\",\"target\":{\"@type\":\"EntryPoint\",\"urlTemplate\":\"https:\/\/trendingupnext.com\/?s={search_term_string}\"},\"query-input\":\"required name=search_term_string\"}],\"inLanguage\":\"fr-FR\"},{\"@type\":\"Organization\",\"@id\":\"https:\/\/trendingupnext.com\/#organization\",\"name\":\"trendingupnext\",\"url\":\"https:\/\/trendingupnext.com\/\",\"logo\":{\"@type\":\"ImageObject\",\"inLanguage\":\"fr-FR\",\"@id\":\"https:\/\/trendingupnext.com\/#\/schema\/logo\/image\/\",\"url\":\"https:\/\/trendingupnext.com\/wp-content\/uploads\/sites\/93\/2024\/02\/cropped-cropped-logo-trendingupnext.webp\",\"contentUrl\":\"https:\/\/trendingupnext.com\/wp-content\/uploads\/sites\/93\/2024\/02\/cropped-cropped-logo-trendingupnext.webp\",\"width\":512,\"height\":512,\"caption\":\"trendingupnext\"},\"image\":{\"@id\":\"https:\/\/trendingupnext.com\/#\/schema\/logo\/image\/\"}}]}<\/script>\n<!-- \/ Yoast SEO Premium plugin. -->","yoast_head_json":{"title":"Privacy Policy - trendingupnext","robots":{"index":"index","follow":"follow","max-snippet":"max-snippet:-1","max-image-preview":"max-image-preview:large","max-video-preview":"max-video-preview:-1"},"canonical":"https:\/\/trendingupnext.com\/fr\/privacy\/","og_locale":"fr_FR","og_type":"article","og_title":"Privacy Policy","og_description":"Your privacy is important to us. It is&nbsp;trendingupnext&#8217;s&nbsp;policy to respect your privacy regarding any information we may collect from you across our website,&nbsp;trendingupnext, and other sites we own and operate. We only ask for personal information when we truly need it to provide a service to you. We collect it by fair and lawful means, [&hellip;]","og_url":"https:\/\/trendingupnext.com\/fr\/privacy\/","og_site_name":"trendingupnext","article_modified_time":"2025-11-24T18:50:50+00:00","twitter_card":"summary_large_image","twitter_misc":{"Est. reading time":"6 minutes"},"schema":{"@context":"https:\/\/schema.org","@graph":[{"@type":"WebPage","@id":"https:\/\/trendingupnext.com\/privacy\/","url":"https:\/\/trendingupnext.com\/privacy\/","name":"Privacy Policy - trendingupnext","isPartOf":{"@id":"https:\/\/trendingupnext.com\/#website"},"datePublished":"2024-03-12T10:29:19+00:00","dateModified":"2025-11-24T18:50:50+00:00","breadcrumb":{"@id":"https:\/\/trendingupnext.com\/privacy\/#breadcrumb"},"inLanguage":"fr-FR","potentialAction":[{"@type":"ReadAction","target":["https:\/\/trendingupnext.com\/privacy\/"]}]},{"@type":"BreadcrumbList","@id":"https:\/\/trendingupnext.com\/privacy\/#breadcrumb","itemListElement":[{"@type":"ListItem","position":1,"name":"Home","item":"https:\/\/trendingupnext.com\/"},{"@type":"ListItem","position":2,"name":"Privacy Policy"}]},{"@type":"WebSite","@id":"https:\/\/trendingupnext.com\/#website","url":"https:\/\/trendingupnext.com\/","name":"trendingupnext","description":"","publisher":{"@id":"https:\/\/trendingupnext.com\/#organization"},"potentialAction":[{"@type":"SearchAction","target":{"@type":"EntryPoint","urlTemplate":"https:\/\/trendingupnext.com\/?s={search_term_string}"},"query-input":"required name=search_term_string"}],"inLanguage":"fr-FR"},{"@type":"Organization","@id":"https:\/\/trendingupnext.com\/#organization","name":"trendingupnext","url":"https:\/\/trendingupnext.com\/","logo":{"@type":"ImageObject","inLanguage":"fr-FR","@id":"https:\/\/trendingupnext.com\/#\/schema\/logo\/image\/","url":"https:\/\/trendingupnext.com\/wp-content\/uploads\/sites\/93\/2024\/02\/cropped-cropped-logo-trendingupnext.webp","contentUrl":"https:\/\/trendingupnext.com\/wp-content\/uploads\/sites\/93\/2024\/02\/cropped-cropped-logo-trendingupnext.webp","width":512,"height":512,"caption":"trendingupnext"},"image":{"@id":"https:\/\/trendingupnext.com\/#\/schema\/logo\/image\/"}}]}},"_links":{"self":[{"href":"https:\/\/trendingupnext.com\/fr\/wp-json\/wp\/v2\/pages\/108"}],"collection":[{"href":"https:\/\/trendingupnext.com\/fr\/wp-json\/wp\/v2\/pages"}],"about":[{"href":"https:\/\/trendingupnext.com\/fr\/wp-json\/wp\/v2\/types\/page"}],"author":[{"embeddable":true,"href":"https:\/\/trendingupnext.com\/fr\/wp-json\/wp\/v2\/users\/50"}],"replies":[{"embeddable":true,"href":"https:\/\/trendingupnext.com\/fr\/wp-json\/wp\/v2\/comments?post=108"}],"version-history":[{"count":3,"href":"https:\/\/trendingupnext.com\/fr\/wp-json\/wp\/v2\/pages\/108\/revisions"}],"predecessor-version":[{"id":2532,"href":"https:\/\/trendingupnext.com\/fr\/wp-json\/wp\/v2\/pages\/108\/revisions\/2532"}],"wp:attachment":[{"href":"https:\/\/trendingupnext.com\/fr\/wp-json\/wp\/v2\/media?parent=108"}],"curies":[{"name":"wp","href":"https:\/\/api.w.org\/{rel}","templated":true}]}}