    {"id":113,"date":"2024-03-12T10:29:18","date_gmt":"2024-03-12T10:29:18","guid":{"rendered":"https:\/\/trendingupnext.com\/?page_id=113"},"modified":"2025-11-24T18:37:47","modified_gmt":"2025-11-24T18:37:47","slug":"contact","status":"publish","type":"page","link":"https:\/\/trendingupnext.com\/fr\/contact\/","title":{"rendered":"Contact"},"content":{"rendered":"<p>Merci de votre visite <strong>Tendances \u00e0 venir<\/strong>, votre plateforme de confiance pour les analyses technologiques, la communication num\u00e9rique et l&#039;innovation ax\u00e9e sur le contenu.<br>Nous accordons une grande importance \u00e0 vos messages et sommes l\u00e0 pour vous soutenir, \u00e9changer et collaborer avec vous.<\/p>\n\n\n\n<h2 class=\"wp-block-heading\">Renseignements g\u00e9n\u00e9raux<\/h2>\n\n\n\n<p>Vous avez une question \u00e0 propos de <strong>Tendances \u00e0 venir<\/strong> Ou souhaitez-vous simplement prendre contact ?<br> Envoyez-nous un e-mail \u00e0 <strong>contact@trendingupnext.com<\/strong><br>Nous aimons recevoir des nouvelles de notre communaut\u00e9 et nous vous r\u00e9pondrons d\u00e8s que possible.<\/p>\n\n\n\n<h2 class=\"wp-block-heading\">Suggestions et contributions de contenu<\/h2>\n\n\n\n<p>Vous avez une id\u00e9e d&#039;article ? Vous souhaitez partager votre expertise ou sugg\u00e9rer un sujet \u00e0 aborder ?<br> Contactez <strong>contact@trendingupnext.com<\/strong><br>Nous sommes toujours \u00e0 la recherche de perspectives et de voix nouvelles dans le monde de la technologie, de la communication et de l&#039;\u00e9dition num\u00e9rique.<\/p>\n\n\n\n<h2 class=\"wp-block-heading\">Assistance technique<\/h2>\n\n\n\n<p>Si vous rencontrez des probl\u00e8mes avec notre plateforme ou si vous avez besoin d&#039;aide pour acc\u00e9der au contenu publi\u00e9, n&#039;h\u00e9sitez pas \u00e0 nous contacter.<br>E-mail: <strong>contact@trendingupnext.com<\/strong><br>Nous sommes l\u00e0 pour garantir votre exp\u00e9rience avec <strong>Tendances \u00e0 venir<\/strong> est aussi fluide que possible.<\/p>\n\n\n\n<h2 class=\"wp-block-heading\">Restez connect\u00e9s<\/h2>\n\n\n\n<p><strong>Tendances \u00e0 venir<\/strong> est une plateforme num\u00e9rique con\u00e7ue pour les professionnels et les lecteurs du monde entier.<br>Bien que nous n&#039;ayons pas de bureau physique, nous sommes toujours en ligne \u2014 pr\u00eats \u00e0 vous \u00e9couter, \u00e0 vous soutenir et \u00e0 \u00e9voluer avec vous.<\/p>\n\n\n\n<p>Merci encore d&#039;avoir fait partie de la <strong>Tendances \u00e0 venir<\/strong> communaut\u00e9.<br>Nous avons h\u00e2te d&#039;avoir de vos nouvelles !<\/p>\n\n\n\n<p>Cordialement,<br><strong>L&#039;\u00e9quipe TrendingUpNext<\/strong><\/p>","protected":false},"excerpt":{"rendered":"<p>Merci d&#039;avoir visit\u00e9 TrendingUpNext, votre plateforme de confiance pour les actualit\u00e9s technologiques, la communication num\u00e9rique et l&#039;innovation ax\u00e9e sur le contenu. Nous accordons une grande importance \u00e0 vos messages et sommes l\u00e0 pour vous accompagner, \u00e9changer et collaborer avec vous. Pour toute question concernant TrendingUpNext ou pour nous contacter, \u00e9crivez-nous \u00e0 contact@trendingupnext.com. Nous sommes toujours ravis d&#039;avoir des nouvelles de notre communaut\u00e9 et nous nous efforcerons de r\u00e9pondre \u00e0 toutes vos demandes.<\/p>","protected":false},"author":50,"featured_media":0,"parent":0,"menu_order":0,"comment_status":"closed","ping_status":"closed","template":"","meta":{"footnotes":""},"yoast_head":"<!-- This site is optimized with the Yoast SEO Premium plugin v18.7 (Yoast SEO v23.3) - https:\/\/yoast.com\/wordpress\/plugins\/seo\/ -->\n<title>Contact - trendingupnext<\/title>\n<meta name=\"robots\" content=\"index, follow, max-snippet:-1, max-image-preview:large, max-video-preview:-1\" \/>\n<link rel=\"canonical\" href=\"https:\/\/trendingupnext.com\/fr\/contact\/\" \/>\n<meta property=\"og:locale\" content=\"fr_FR\" \/>\n<meta property=\"og:type\" content=\"article\" \/>\n<meta property=\"og:title\" content=\"Contact\" \/>\n<meta property=\"og:description\" content=\"Thank you for visiting TrendingUpNext, your trusted platform for tech insights, digital communication, and content-driven innovation.We truly value your messages and are here to support, connect, and collaborate with you. General Inquiries Have a question about TrendingUpNext or just want to reach out? Email us at contact@trendingupnext.comWe love hearing from our community and will get [&hellip;]\" \/>\n<meta property=\"og:url\" content=\"https:\/\/trendingupnext.com\/fr\/contact\/\" \/>\n<meta property=\"og:site_name\" content=\"trendingupnext\" \/>\n<meta property=\"article:modified_time\" content=\"2025-11-24T18:37:47+00:00\" \/>\n<meta name=\"twitter:card\" content=\"summary_large_image\" \/>\n<meta name=\"twitter:label1\" content=\"Est. reading time\" \/>\n\t<meta name=\"twitter:data1\" content=\"1 minute\" \/>\n<script type=\"application\/ld+json\" class=\"yoast-schema-graph\">{\"@context\":\"https:\/\/schema.org\",\"@graph\":[{\"@type\":\"WebPage\",\"@id\":\"https:\/\/trendingupnext.com\/contact\/\",\"url\":\"https:\/\/trendingupnext.com\/contact\/\",\"name\":\"Contact - trendingupnext\",\"isPartOf\":{\"@id\":\"https:\/\/trendingupnext.com\/#website\"},\"datePublished\":\"2024-03-12T10:29:18+00:00\",\"dateModified\":\"2025-11-24T18:37:47+00:00\",\"breadcrumb\":{\"@id\":\"https:\/\/trendingupnext.com\/contact\/#breadcrumb\"},\"inLanguage\":\"fr-FR\",\"potentialAction\":[{\"@type\":\"ReadAction\",\"target\":[\"https:\/\/trendingupnext.com\/contact\/\"]}]},{\"@type\":\"BreadcrumbList\",\"@id\":\"https:\/\/trendingupnext.com\/contact\/#breadcrumb\",\"itemListElement\":[{\"@type\":\"ListItem\",\"position\":1,\"name\":\"Home\",\"item\":\"https:\/\/trendingupnext.com\/\"},{\"@type\":\"ListItem\",\"position\":2,\"name\":\"Contact\"}]},{\"@type\":\"WebSite\",\"@id\":\"https:\/\/trendingupnext.com\/#website\",\"url\":\"https:\/\/trendingupnext.com\/\",\"name\":\"trendingupnext\",\"description\":\"\",\"publisher\":{\"@id\":\"https:\/\/trendingupnext.com\/#organization\"},\"potentialAction\":[{\"@type\":\"SearchAction\",\"target\":{\"@type\":\"EntryPoint\",\"urlTemplate\":\"https:\/\/trendingupnext.com\/?s={search_term_string}\"},\"query-input\":\"required name=search_term_string\"}],\"inLanguage\":\"fr-FR\"},{\"@type\":\"Organization\",\"@id\":\"https:\/\/trendingupnext.com\/#organization\",\"name\":\"trendingupnext\",\"url\":\"https:\/\/trendingupnext.com\/\",\"logo\":{\"@type\":\"ImageObject\",\"inLanguage\":\"fr-FR\",\"@id\":\"https:\/\/trendingupnext.com\/#\/schema\/logo\/image\/\",\"url\":\"https:\/\/trendingupnext.com\/wp-content\/uploads\/sites\/93\/2024\/02\/cropped-cropped-logo-trendingupnext.webp\",\"contentUrl\":\"https:\/\/trendingupnext.com\/wp-content\/uploads\/sites\/93\/2024\/02\/cropped-cropped-logo-trendingupnext.webp\",\"width\":512,\"height\":512,\"caption\":\"trendingupnext\"},\"image\":{\"@id\":\"https:\/\/trendingupnext.com\/#\/schema\/logo\/image\/\"}}]}<\/script>\n<!-- \/ Yoast SEO Premium plugin. -->","yoast_head_json":{"title":"Contact - trendingupnext","robots":{"index":"index","follow":"follow","max-snippet":"max-snippet:-1","max-image-preview":"max-image-preview:large","max-video-preview":"max-video-preview:-1"},"canonical":"https:\/\/trendingupnext.com\/fr\/contact\/","og_locale":"fr_FR","og_type":"article","og_title":"Contact","og_description":"Thank you for visiting TrendingUpNext, your trusted platform for tech insights, digital communication, and content-driven innovation.We truly value your messages and are here to support, connect, and collaborate with you. General Inquiries Have a question about TrendingUpNext or just want to reach out? Email us at contact@trendingupnext.comWe love hearing from our community and will get [&hellip;]","og_url":"https:\/\/trendingupnext.com\/fr\/contact\/","og_site_name":"trendingupnext","article_modified_time":"2025-11-24T18:37:47+00:00","twitter_card":"summary_large_image","twitter_misc":{"Est. reading time":"1 minute"},"schema":{"@context":"https:\/\/schema.org","@graph":[{"@type":"WebPage","@id":"https:\/\/trendingupnext.com\/contact\/","url":"https:\/\/trendingupnext.com\/contact\/","name":"Contact - trendingupnext","isPartOf":{"@id":"https:\/\/trendingupnext.com\/#website"},"datePublished":"2024-03-12T10:29:18+00:00","dateModified":"2025-11-24T18:37:47+00:00","breadcrumb":{"@id":"https:\/\/trendingupnext.com\/contact\/#breadcrumb"},"inLanguage":"fr-FR","potentialAction":[{"@type":"ReadAction","target":["https:\/\/trendingupnext.com\/contact\/"]}]},{"@type":"BreadcrumbList","@id":"https:\/\/trendingupnext.com\/contact\/#breadcrumb","itemListElement":[{"@type":"ListItem","position":1,"name":"Home","item":"https:\/\/trendingupnext.com\/"},{"@type":"ListItem","position":2,"name":"Contact"}]},{"@type":"WebSite","@id":"https:\/\/trendingupnext.com\/#website","url":"https:\/\/trendingupnext.com\/","name":"trendingupnext","description":"","publisher":{"@id":"https:\/\/trendingupnext.com\/#organization"},"potentialAction":[{"@type":"SearchAction","target":{"@type":"EntryPoint","urlTemplate":"https:\/\/trendingupnext.com\/?s={search_term_string}"},"query-input":"required name=search_term_string"}],"inLanguage":"fr-FR"},{"@type":"Organization","@id":"https:\/\/trendingupnext.com\/#organization","name":"trendingupnext","url":"https:\/\/trendingupnext.com\/","logo":{"@type":"ImageObject","inLanguage":"fr-FR","@id":"https:\/\/trendingupnext.com\/#\/schema\/logo\/image\/","url":"https:\/\/trendingupnext.com\/wp-content\/uploads\/sites\/93\/2024\/02\/cropped-cropped-logo-trendingupnext.webp","contentUrl":"https:\/\/trendingupnext.com\/wp-content\/uploads\/sites\/93\/2024\/02\/cropped-cropped-logo-trendingupnext.webp","width":512,"height":512,"caption":"trendingupnext"},"image":{"@id":"https:\/\/trendingupnext.com\/#\/schema\/logo\/image\/"}}]}},"_links":{"self":[{"href":"https:\/\/trendingupnext.com\/fr\/wp-json\/wp\/v2\/pages\/113"}],"collection":[{"href":"https:\/\/trendingupnext.com\/fr\/wp-json\/wp\/v2\/pages"}],"about":[{"href":"https:\/\/trendingupnext.com\/fr\/wp-json\/wp\/v2\/types\/page"}],"author":[{"embeddable":true,"href":"https:\/\/trendingupnext.com\/fr\/wp-json\/wp\/v2\/users\/50"}],"replies":[{"embeddable":true,"href":"https:\/\/trendingupnext.com\/fr\/wp-json\/wp\/v2\/comments?post=113"}],"version-history":[{"count":5,"href":"https:\/\/trendingupnext.com\/fr\/wp-json\/wp\/v2\/pages\/113\/revisions"}],"predecessor-version":[{"id":2526,"href":"https:\/\/trendingupnext.com\/fr\/wp-json\/wp\/v2\/pages\/113\/revisions\/2526"}],"wp:attachment":[{"href":"https:\/\/trendingupnext.com\/fr\/wp-json\/wp\/v2\/media?parent=113"}],"curies":[{"name":"wp","href":"https:\/\/api.w.org\/{rel}","templated":true}]}}