    {"id":106,"date":"2024-03-12T10:29:16","date_gmt":"2024-03-12T10:29:16","guid":{"rendered":"https:\/\/trendingupnext.com\/?page_id=106"},"modified":"2025-11-24T18:38:31","modified_gmt":"2025-11-24T18:38:31","slug":"about","status":"publish","type":"page","link":"https:\/\/trendingupnext.com\/pt\/about\/","title":{"rendered":"Sobre n\u00f3s"},"content":{"rendered":"<p>Bem-vindo(a) ao Trending Up Next \u2014 seu destino certo para descobrir o que h\u00e1 de novo, \u00fatil e impactante no mundo digital em constante transforma\u00e7\u00e3o. Seja explorando os mais recentes avan\u00e7os tecnol\u00f3gicos, buscando ferramentas pr\u00e1ticas que facilitem o dia a dia ou ficando de olho nas oportunidades emergentes impulsionadas pela inova\u00e7\u00e3o, estamos aqui para gui\u00e1-lo(a) com clareza e prop\u00f3sito.<\/p>\n\n\n\n<h2 class=\"wp-block-heading\"><strong>O que nos move<\/strong><\/h2>\n\n\n\n<p>Na Trending Up Next, acreditamos que o conhecimento empodera. Nossa miss\u00e3o \u00e9 ajudar voc\u00ea a navegar pelo cen\u00e1rio digital com confian\u00e7a \u2014 desde a compreens\u00e3o das tend\u00eancias modernas at\u00e9 a busca por solu\u00e7\u00f5es que tragam valor real para o seu dia a dia. Nos dedicamos a buscar na internet as informa\u00e7\u00f5es mais relevantes, os recursos inteligentes e as inova\u00e7\u00f5es que importam, e a apresent\u00e1-los de forma simples, envolvente e acess\u00edvel.<\/p>\n\n\n\n<h2 class=\"wp-block-heading\"><strong>Quem somos<\/strong><\/h2>\n\n\n\n<p>Somos mais do que uma plataforma \u2014 somos uma comunidade de mentes curiosas e apaixonadas por crescimento, descobertas e aprendizado pr\u00e1tico. Nossa equipe trabalha para conectar voc\u00ea a informa\u00e7\u00f5es e oportunidades que inspiram a\u00e7\u00e3o, apoiam decis\u00f5es embasadas e mant\u00eam voc\u00ea \u00e0 frente em um mundo em constante evolu\u00e7\u00e3o.<\/p>\n\n\n\n<h2 class=\"wp-block-heading\"><strong>Envolva-se<\/strong><\/h2>\n\n\n\n<p>Suas ideias s\u00e3o importantes. Se voc\u00ea tiver sugest\u00f5es, temas que gostaria que explor\u00e1ssemos ou tend\u00eancias que acredita merecerem aten\u00e7\u00e3o, adorar\u00edamos ouvi-las. Entre em contato conosco a qualquer momento e vamos trabalhar juntos para descobrir hist\u00f3rias, insights e ferramentas que moldam o futuro.<\/p>","protected":false},"excerpt":{"rendered":"<p>Welcome to Trending Up Next \u2014 your go-to destination for discovering what\u2019s new, useful, and impactful in today\u2019s fast-changing digital world. Whether you&#8217;re exploring the newest breakthroughs in technology, looking for practical tools that make everyday life easier, or staying alert to emerging opportunities driven by innovation, we\u2019re here to guide you with clarity and [&hellip;]<\/p>","protected":false},"author":50,"featured_media":0,"parent":0,"menu_order":0,"comment_status":"closed","ping_status":"closed","template":"","meta":{"footnotes":""},"yoast_head":"<!-- This site is optimized with the Yoast SEO Premium plugin v18.7 (Yoast SEO v23.3) - https:\/\/yoast.com\/wordpress\/plugins\/seo\/ -->\n<title>About us - trendingupnext<\/title>\n<meta name=\"robots\" content=\"index, follow, max-snippet:-1, max-image-preview:large, max-video-preview:-1\" \/>\n<link rel=\"canonical\" href=\"https:\/\/trendingupnext.com\/pt\/about\/\" \/>\n<meta property=\"og:locale\" content=\"pt_BR\" \/>\n<meta property=\"og:type\" content=\"article\" \/>\n<meta property=\"og:title\" content=\"About us\" \/>\n<meta property=\"og:description\" content=\"Welcome to Trending Up Next \u2014 your go-to destination for discovering what\u2019s new, useful, and impactful in today\u2019s fast-changing digital world. Whether you&#8217;re exploring the newest breakthroughs in technology, looking for practical tools that make everyday life easier, or staying alert to emerging opportunities driven by innovation, we\u2019re here to guide you with clarity and [&hellip;]\" \/>\n<meta property=\"og:url\" content=\"https:\/\/trendingupnext.com\/pt\/about\/\" \/>\n<meta property=\"og:site_name\" content=\"trendingupnext\" \/>\n<meta property=\"article:modified_time\" content=\"2025-11-24T18:38:31+00:00\" \/>\n<meta name=\"twitter:card\" content=\"summary_large_image\" \/>\n<meta name=\"twitter:label1\" content=\"Est. reading time\" \/>\n\t<meta name=\"twitter:data1\" content=\"1 minuto\" \/>\n<script type=\"application\/ld+json\" class=\"yoast-schema-graph\">{\"@context\":\"https:\/\/schema.org\",\"@graph\":[{\"@type\":\"WebPage\",\"@id\":\"https:\/\/trendingupnext.com\/about\/\",\"url\":\"https:\/\/trendingupnext.com\/about\/\",\"name\":\"About us - trendingupnext\",\"isPartOf\":{\"@id\":\"https:\/\/trendingupnext.com\/#website\"},\"datePublished\":\"2024-03-12T10:29:16+00:00\",\"dateModified\":\"2025-11-24T18:38:31+00:00\",\"breadcrumb\":{\"@id\":\"https:\/\/trendingupnext.com\/about\/#breadcrumb\"},\"inLanguage\":\"pt-BR\",\"potentialAction\":[{\"@type\":\"ReadAction\",\"target\":[\"https:\/\/trendingupnext.com\/about\/\"]}]},{\"@type\":\"BreadcrumbList\",\"@id\":\"https:\/\/trendingupnext.com\/about\/#breadcrumb\",\"itemListElement\":[{\"@type\":\"ListItem\",\"position\":1,\"name\":\"Home\",\"item\":\"https:\/\/trendingupnext.com\/\"},{\"@type\":\"ListItem\",\"position\":2,\"name\":\"About us\"}]},{\"@type\":\"WebSite\",\"@id\":\"https:\/\/trendingupnext.com\/#website\",\"url\":\"https:\/\/trendingupnext.com\/\",\"name\":\"trendingupnext\",\"description\":\"\",\"publisher\":{\"@id\":\"https:\/\/trendingupnext.com\/#organization\"},\"potentialAction\":[{\"@type\":\"SearchAction\",\"target\":{\"@type\":\"EntryPoint\",\"urlTemplate\":\"https:\/\/trendingupnext.com\/?s={search_term_string}\"},\"query-input\":\"required name=search_term_string\"}],\"inLanguage\":\"pt-BR\"},{\"@type\":\"Organization\",\"@id\":\"https:\/\/trendingupnext.com\/#organization\",\"name\":\"trendingupnext\",\"url\":\"https:\/\/trendingupnext.com\/\",\"logo\":{\"@type\":\"ImageObject\",\"inLanguage\":\"pt-BR\",\"@id\":\"https:\/\/trendingupnext.com\/#\/schema\/logo\/image\/\",\"url\":\"https:\/\/trendingupnext.com\/wp-content\/uploads\/sites\/93\/2024\/02\/cropped-cropped-logo-trendingupnext.webp\",\"contentUrl\":\"https:\/\/trendingupnext.com\/wp-content\/uploads\/sites\/93\/2024\/02\/cropped-cropped-logo-trendingupnext.webp\",\"width\":512,\"height\":512,\"caption\":\"trendingupnext\"},\"image\":{\"@id\":\"https:\/\/trendingupnext.com\/#\/schema\/logo\/image\/\"}}]}<\/script>\n<!-- \/ Yoast SEO Premium plugin. -->","yoast_head_json":{"title":"About us - trendingupnext","robots":{"index":"index","follow":"follow","max-snippet":"max-snippet:-1","max-image-preview":"max-image-preview:large","max-video-preview":"max-video-preview:-1"},"canonical":"https:\/\/trendingupnext.com\/pt\/about\/","og_locale":"pt_BR","og_type":"article","og_title":"About us","og_description":"Welcome to Trending Up Next \u2014 your go-to destination for discovering what\u2019s new, useful, and impactful in today\u2019s fast-changing digital world. Whether you&#8217;re exploring the newest breakthroughs in technology, looking for practical tools that make everyday life easier, or staying alert to emerging opportunities driven by innovation, we\u2019re here to guide you with clarity and [&hellip;]","og_url":"https:\/\/trendingupnext.com\/pt\/about\/","og_site_name":"trendingupnext","article_modified_time":"2025-11-24T18:38:31+00:00","twitter_card":"summary_large_image","twitter_misc":{"Est. reading time":"1 minuto"},"schema":{"@context":"https:\/\/schema.org","@graph":[{"@type":"WebPage","@id":"https:\/\/trendingupnext.com\/about\/","url":"https:\/\/trendingupnext.com\/about\/","name":"About us - trendingupnext","isPartOf":{"@id":"https:\/\/trendingupnext.com\/#website"},"datePublished":"2024-03-12T10:29:16+00:00","dateModified":"2025-11-24T18:38:31+00:00","breadcrumb":{"@id":"https:\/\/trendingupnext.com\/about\/#breadcrumb"},"inLanguage":"pt-BR","potentialAction":[{"@type":"ReadAction","target":["https:\/\/trendingupnext.com\/about\/"]}]},{"@type":"BreadcrumbList","@id":"https:\/\/trendingupnext.com\/about\/#breadcrumb","itemListElement":[{"@type":"ListItem","position":1,"name":"Home","item":"https:\/\/trendingupnext.com\/"},{"@type":"ListItem","position":2,"name":"About us"}]},{"@type":"WebSite","@id":"https:\/\/trendingupnext.com\/#website","url":"https:\/\/trendingupnext.com\/","name":"trendingupnext","description":"","publisher":{"@id":"https:\/\/trendingupnext.com\/#organization"},"potentialAction":[{"@type":"SearchAction","target":{"@type":"EntryPoint","urlTemplate":"https:\/\/trendingupnext.com\/?s={search_term_string}"},"query-input":"required name=search_term_string"}],"inLanguage":"pt-BR"},{"@type":"Organization","@id":"https:\/\/trendingupnext.com\/#organization","name":"trendingupnext","url":"https:\/\/trendingupnext.com\/","logo":{"@type":"ImageObject","inLanguage":"pt-BR","@id":"https:\/\/trendingupnext.com\/#\/schema\/logo\/image\/","url":"https:\/\/trendingupnext.com\/wp-content\/uploads\/sites\/93\/2024\/02\/cropped-cropped-logo-trendingupnext.webp","contentUrl":"https:\/\/trendingupnext.com\/wp-content\/uploads\/sites\/93\/2024\/02\/cropped-cropped-logo-trendingupnext.webp","width":512,"height":512,"caption":"trendingupnext"},"image":{"@id":"https:\/\/trendingupnext.com\/#\/schema\/logo\/image\/"}}]}},"_links":{"self":[{"href":"https:\/\/trendingupnext.com\/pt\/wp-json\/wp\/v2\/pages\/106"}],"collection":[{"href":"https:\/\/trendingupnext.com\/pt\/wp-json\/wp\/v2\/pages"}],"about":[{"href":"https:\/\/trendingupnext.com\/pt\/wp-json\/wp\/v2\/types\/page"}],"author":[{"embeddable":true,"href":"https:\/\/trendingupnext.com\/pt\/wp-json\/wp\/v2\/users\/50"}],"replies":[{"embeddable":true,"href":"https:\/\/trendingupnext.com\/pt\/wp-json\/wp\/v2\/comments?post=106"}],"version-history":[{"count":2,"href":"https:\/\/trendingupnext.com\/pt\/wp-json\/wp\/v2\/pages\/106\/revisions"}],"predecessor-version":[{"id":2527,"href":"https:\/\/trendingupnext.com\/pt\/wp-json\/wp\/v2\/pages\/106\/revisions\/2527"}],"wp:attachment":[{"href":"https:\/\/trendingupnext.com\/pt\/wp-json\/wp\/v2\/media?parent=106"}],"curies":[{"name":"wp","href":"https:\/\/api.w.org\/{rel}","templated":true}]}}